{"id":3,"date":"2024-01-09T10:41:00","date_gmt":"2024-01-09T10:41:00","guid":{"rendered":"https:\/\/ryarc.com\/?page_id=3"},"modified":"2024-06-01T22:15:14","modified_gmt":"2024-06-02T06:15:14","slug":"privacy-policy","status":"publish","type":"page","link":"https:\/\/ryarc.com\/es\/politica-de-privacidad\/","title":{"rendered":"Pol\u00edtica de privacidad"},"content":{"rendered":"<p style=\"text-align: left;\"><strong>Pol\u00edtica de privacidad<\/strong><\/p>\n<p>Fecha de entrada en vigor: 15 de marzo de 2024<\/p>\n<p>En <a href=\"https:\/\/ryarc.com\/\">Ryarc.com<\/a>valoramos su privacidad y nos comprometemos a proteger su informaci\u00f3n personal. Esta pol\u00edtica de privacidad explica c\u00f3mo recopilamos, utilizamos y divulgamos su informaci\u00f3n personal cuando utiliza nuestro sitio web y nuestros servicios.<\/p>\n<p><strong>1. Informaci\u00f3n que recopilamos<\/strong><\/p>\n<p>a. Datos personales: Podemos recopilar informaci\u00f3n personal como su nombre, direcci\u00f3n de correo electr\u00f3nico y otra informaci\u00f3n que proporcione cuando se registre en nuestros servicios, se ponga en contacto con nosotros o participe en cualquier encuesta o promoci\u00f3n.<\/p>\n<p>b. Informaci\u00f3n de uso: Podemos recopilar informaci\u00f3n sobre sus interacciones con nuestro sitio web y nuestros servicios, como las p\u00e1ginas que visita, las funciones que utiliza y el tiempo que pasa en nuestro sitio.<\/p>\n<p>c. Informaci\u00f3n del dispositivo: Podemos recopilar informaci\u00f3n sobre el dispositivo que utiliza para acceder a nuestro sitio web, incluida la direcci\u00f3n IP, el sistema operativo y el tipo de navegador.<\/p>\n<p><strong>2. C\u00f3mo utilizamos su informaci\u00f3n<\/strong><\/p>\n<p>a. Para prestar nuestros servicios: Utilizamos su informaci\u00f3n personal para proporcionar y mejorar nuestros servicios, incluida la comunicaci\u00f3n con usted, el procesamiento de sus solicitudes y la gesti\u00f3n de su cuenta.<\/p>\n<p>b. Con fines de marketing: Podemos utilizar su informaci\u00f3n para enviarle material promocional sobre nuestros servicios, incluidos boletines informativos y ofertas especiales. Puede optar por no recibir estos materiales en cualquier momento siguiendo las instrucciones del correo electr\u00f3nico o poni\u00e9ndose en contacto con nosotros.<\/p>\n<p>c. Para investigaci\u00f3n y desarrollo: Podemos utilizar su informaci\u00f3n para mejorar nuestros servicios y desarrollar nuevas funciones y productos.<\/p>\n<p><strong>3. Compartir su informaci\u00f3n<\/strong><\/p>\n<p>a. Proveedores de servicios: Ryarc no vende, intercambia ni transfiere de ning\u00fan otro modo su Informaci\u00f3n personal a cambio de una contraprestaci\u00f3n monetaria. Podemos compartir su informaci\u00f3n con terceros proveedores de servicios que nos ayudan a prestar nuestros servicios, como alojar nuestro sitio web o enviar correos electr\u00f3nicos en nuestro nombre.<\/p>\n<p>b. Cumplimiento de la legislaci\u00f3n: Podemos revelar su informaci\u00f3n para cumplir con las leyes, reglamentos o procesos legales aplicables, como en respuesta a una orden judicial o citaci\u00f3n.<\/p>\n<p>c. Transferencias comerciales: Podemos compartir su informaci\u00f3n en relaci\u00f3n con una fusi\u00f3n, adquisici\u00f3n o venta de activos.<\/p>\n<p>d. Nos asociamos con Microsoft Clarity y Microsoft Advertising para captar c\u00f3mo utiliza e interact\u00faa con nuestro sitio web a trav\u00e9s de m\u00e9tricas de comportamiento, mapas de calor y repetici\u00f3n de sesi\u00f3n para mejorar y comercializar nuestros productos\/servicios. Los datos de uso del sitio web se recogen utilizando cookies propias y de terceros y otras tecnolog\u00edas de seguimiento para determinar la popularidad de los productos\/servicios y la actividad en l\u00ednea. Adem\u00e1s, utilizamos esta informaci\u00f3n con fines de optimizaci\u00f3n del sitio, fraude\/seguridad y publicidad. Para obtener m\u00e1s informaci\u00f3n sobre c\u00f3mo Microsoft recopila y utiliza sus datos, visite la p\u00e1gina web <a href=\"https:\/\/privacy.microsoft.com\/en-us\/privacystatement\">Declaraci\u00f3n de privacidad de Microsoft<\/a>, <a href=\"https:\/\/clarity.microsoft.com\/terms\">T\u00e9rminos de Microsoft Clarity<\/a> y <a href=\"https:\/\/help.ads.microsoft.com\/#apex\/ads\/en\/n5095\/-1\">Pol\u00edticas y acuerdos de publicidad de Microsoft<\/a>.<\/p>\n<p><strong>4. Sus derechos<\/strong><\/p>\n<p>a. Acceso: Tiene derecho a solicitar acceso a la informaci\u00f3n personal que tenemos sobre usted y a solicitar que la corrijamos o eliminemos.<\/p>\n<p>b. Exclusi\u00f3n voluntaria: Tiene derecho a optar por no recibir material promocional nuestro siguiendo las instrucciones del correo electr\u00f3nico o poni\u00e9ndose en contacto con nosotros.<\/p>\n<p>c. Conservaci\u00f3n de datos: Conservamos sus datos personales durante el tiempo necesario para prestar nuestros servicios y por motivos legales o reglamentarios.<\/p>\n<p><strong>5. Seguridad<\/strong><\/p>\n<p>Tomamos medidas razonables para proteger su informaci\u00f3n personal frente al acceso, uso o divulgaci\u00f3n no autorizados. Sin embargo, ning\u00fan m\u00e9todo de transmisi\u00f3n por Internet o de almacenamiento electr\u00f3nico es completamente seguro.<\/p>\n<p><strong>6. Privacidad de los ni\u00f1os<\/strong><\/p>\n<p>a. Nuestro sitio web no est\u00e1 destinado a ni\u00f1os menores de 13 a\u00f1os, y no recopilamos conscientemente informaci\u00f3n personal de ni\u00f1os.<br \/>\nb. Si tenemos conocimiento de que hemos recopilado informaci\u00f3n personal de un ni\u00f1o menor de 13 a\u00f1os, tomaremos medidas para eliminar dicha informaci\u00f3n lo antes posible.<\/p>\n<p><strong>7. Modificaciones de esta pol\u00edtica<\/strong><\/p>\n<p>Podemos actualizar esta pol\u00edtica de privacidad de vez en cuando. Si realizamos alg\u00fan cambio sustancial, publicaremos la pol\u00edtica actualizada en nuestro sitio web. Si tiene alguna pregunta o duda sobre esta pol\u00edtica de privacidad o sobre el uso que hacemos de su informaci\u00f3n personal, p\u00f3ngase en contacto con nosotros.<\/p>\n<p><strong>8. Contacto<\/strong><\/p>\n<p>Por correo electr\u00f3nico a\u00a0\u00a0<a href=\"mailto:support@Ryarc.com\">support@Ryarc.com<\/a> \u00a0\u00daltima revisi\u00f3n: 15 de marzo de 2024<\/p>","protected":false},"excerpt":{"rendered":"<p>Pol\u00edtica de privacidad Fecha de entrada en vigor: 15 de marzo de 2024 En Ryarc.com, valoramos su privacidad y nos comprometemos a proteger su informaci\u00f3n personal. Esta pol\u00edtica de privacidad explica c\u00f3mo recopilamos, utilizamos y divulgamos su informaci\u00f3n personal cuando utiliza nuestro sitio web y nuestros servicios. 1. a. Informaci\u00f3n personal: Podemos recopilar informaci\u00f3n personal como [...]<\/p>","protected":false},"author":5,"featured_media":0,"parent":0,"menu_order":0,"comment_status":"closed","ping_status":"closed","template":"pages\/privacy-policy.php","meta":{"_acf_changed":false,"footnotes":""},"class_list":["post-3","page","type-page","status-publish","hentry"],"acf":[],"yoast_head":"\n<title>Privacy Policy - RYARC<\/title>\n<meta name=\"robots\" content=\"noindex, nofollow\" \/>\n<meta property=\"og:locale\" content=\"es_ES\" \/>\n<meta property=\"og:type\" content=\"article\" \/>\n<meta property=\"og:title\" content=\"Privacy Policy\" \/>\n<meta property=\"og:description\" content=\"Privacy Policy Effective Date: March 15th, 2024 At Ryarc.com, we value your privacy and are committed to protecting your personal information. This privacy policy explains how we collect, use, and disclose your personal information when you use our website and services. 1. Information We Collect a. Personal Information: We may collect personal information such as [&hellip;]\" \/>\n<meta property=\"og:url\" content=\"https:\/\/ryarc.com\/es\/politica-de-privacidad\/\" \/>\n<meta property=\"og:site_name\" content=\"RYARC\" \/>\n<meta property=\"article:publisher\" content=\"https:\/\/www.facebook.com\/Ryarc\/\" \/>\n<meta property=\"article:modified_time\" content=\"2024-06-02T06:15:14+00:00\" \/>\n<meta property=\"og:image\" content=\"https:\/\/ryarc.com\/assets\/2024\/03\/ryarc-site-logo-final.png\" \/>\n\t<meta property=\"og:image:width\" content=\"120\" \/>\n\t<meta property=\"og:image:height\" content=\"126\" \/>\n\t<meta property=\"og:image:type\" content=\"image\/png\" \/>\n<meta name=\"twitter:card\" content=\"summary_large_image\" \/>\n<meta name=\"twitter:site\" content=\"@ryarc\" \/>\n<meta name=\"twitter:label1\" content=\"Tiempo de lectura\" \/>\n\t<meta name=\"twitter:data1\" content=\"4 minutos\" \/>\n<script type=\"application\/ld+json\" class=\"yoast-schema-graph\">{\"@context\":\"https:\/\/schema.org\",\"@graph\":[{\"@type\":\"WebPage\",\"@id\":\"https:\/\/ryarc.com\/es\/politica-de-privacidad\/\",\"url\":\"https:\/\/ryarc.com\/es\/politica-de-privacidad\/\",\"name\":\"Privacy Policy - RYARC\",\"isPartOf\":{\"@id\":\"https:\/\/ryarc.com\/es\/#website\"},\"datePublished\":\"2024-01-09T10:41:00+00:00\",\"dateModified\":\"2024-06-02T06:15:14+00:00\",\"breadcrumb\":{\"@id\":\"https:\/\/ryarc.com\/es\/politica-de-privacidad\/#breadcrumb\"},\"inLanguage\":\"es\",\"potentialAction\":[{\"@type\":\"ReadAction\",\"target\":[\"https:\/\/ryarc.com\/es\/politica-de-privacidad\/\"]}]},{\"@type\":\"BreadcrumbList\",\"@id\":\"https:\/\/ryarc.com\/es\/politica-de-privacidad\/#breadcrumb\",\"itemListElement\":[{\"@type\":\"ListItem\",\"position\":1,\"name\":\"Home\",\"item\":\"https:\/\/ryarc.com\/\"},{\"@type\":\"ListItem\",\"position\":2,\"name\":\"Privacy Policy\"}]},{\"@type\":\"WebSite\",\"@id\":\"https:\/\/ryarc.com\/es\/#website\",\"url\":\"https:\/\/ryarc.com\/es\/\",\"name\":\"RYARC\",\"description\":\"\",\"publisher\":{\"@id\":\"https:\/\/ryarc.com\/es\/#organization\"},\"potentialAction\":[{\"@type\":\"SearchAction\",\"target\":{\"@type\":\"EntryPoint\",\"urlTemplate\":\"https:\/\/ryarc.com\/es\/?s={search_term_string}\"},\"query-input\":{\"@type\":\"PropertyValueSpecification\",\"valueRequired\":true,\"valueName\":\"search_term_string\"}}],\"inLanguage\":\"es\"},{\"@type\":\"Organization\",\"@id\":\"https:\/\/ryarc.com\/es\/#organization\",\"name\":\"Ryarc\",\"url\":\"https:\/\/ryarc.com\/es\/\",\"logo\":{\"@type\":\"ImageObject\",\"inLanguage\":\"es\",\"@id\":\"https:\/\/ryarc.com\/es\/#\/schema\/logo\/image\/\",\"url\":\"https:\/\/ryarc.com\/assets\/2024\/03\/ryarc-site-logo-final.png\",\"contentUrl\":\"https:\/\/ryarc.com\/assets\/2024\/03\/ryarc-site-logo-final.png\",\"width\":120,\"height\":126,\"caption\":\"Ryarc\"},\"image\":{\"@id\":\"https:\/\/ryarc.com\/es\/#\/schema\/logo\/image\/\"},\"sameAs\":[\"https:\/\/www.facebook.com\/Ryarc\/\",\"https:\/\/x.com\/ryarc\",\"https:\/\/www.linkedin.com\/company\/ryarc\",\"https:\/\/www.youtube.com\/user\/RyarcMediaSystems\"]}]}<\/script>\n","yoast_head_json":{"title":"Privacy Policy - RYARC","robots":{"index":"noindex","follow":"nofollow"},"og_locale":"es_ES","og_type":"article","og_title":"Privacy Policy","og_description":"Privacy Policy Effective Date: March 15th, 2024 At Ryarc.com, we value your privacy and are committed to protecting your personal information. This privacy policy explains how we collect, use, and disclose your personal information when you use our website and services. 1. Information We Collect a. Personal Information: We may collect personal information such as [&hellip;]","og_url":"https:\/\/ryarc.com\/es\/politica-de-privacidad\/","og_site_name":"RYARC","article_publisher":"https:\/\/www.facebook.com\/Ryarc\/","article_modified_time":"2024-06-02T06:15:14+00:00","og_image":[{"width":120,"height":126,"url":"https:\/\/ryarc.com\/assets\/2024\/03\/ryarc-site-logo-final.png","type":"image\/png"}],"twitter_card":"summary_large_image","twitter_site":"@ryarc","twitter_misc":{"Tiempo de lectura":"4 minutos"},"schema":{"@context":"https:\/\/schema.org","@graph":[{"@type":"WebPage","@id":"https:\/\/ryarc.com\/es\/politica-de-privacidad\/","url":"https:\/\/ryarc.com\/es\/politica-de-privacidad\/","name":"Privacy Policy - RYARC","isPartOf":{"@id":"https:\/\/ryarc.com\/es\/#website"},"datePublished":"2024-01-09T10:41:00+00:00","dateModified":"2024-06-02T06:15:14+00:00","breadcrumb":{"@id":"https:\/\/ryarc.com\/es\/politica-de-privacidad\/#breadcrumb"},"inLanguage":"es","potentialAction":[{"@type":"ReadAction","target":["https:\/\/ryarc.com\/es\/politica-de-privacidad\/"]}]},{"@type":"BreadcrumbList","@id":"https:\/\/ryarc.com\/es\/politica-de-privacidad\/#breadcrumb","itemListElement":[{"@type":"ListItem","position":1,"name":"Home","item":"https:\/\/ryarc.com\/"},{"@type":"ListItem","position":2,"name":"Privacy Policy"}]},{"@type":"WebSite","@id":"https:\/\/ryarc.com\/es\/#website","url":"https:\/\/ryarc.com\/es\/","name":"RYARC","description":"","publisher":{"@id":"https:\/\/ryarc.com\/es\/#organization"},"potentialAction":[{"@type":"SearchAction","target":{"@type":"EntryPoint","urlTemplate":"https:\/\/ryarc.com\/es\/?s={search_term_string}"},"query-input":{"@type":"PropertyValueSpecification","valueRequired":true,"valueName":"search_term_string"}}],"inLanguage":"es"},{"@type":"Organization","@id":"https:\/\/ryarc.com\/es\/#organization","name":"Ryarc","url":"https:\/\/ryarc.com\/es\/","logo":{"@type":"ImageObject","inLanguage":"es","@id":"https:\/\/ryarc.com\/es\/#\/schema\/logo\/image\/","url":"https:\/\/ryarc.com\/assets\/2024\/03\/ryarc-site-logo-final.png","contentUrl":"https:\/\/ryarc.com\/assets\/2024\/03\/ryarc-site-logo-final.png","width":120,"height":126,"caption":"Ryarc"},"image":{"@id":"https:\/\/ryarc.com\/es\/#\/schema\/logo\/image\/"},"sameAs":["https:\/\/www.facebook.com\/Ryarc\/","https:\/\/x.com\/ryarc","https:\/\/www.linkedin.com\/company\/ryarc","https:\/\/www.youtube.com\/user\/RyarcMediaSystems"]}]}},"_links":{"self":[{"href":"https:\/\/ryarc.com\/es\/wp-json\/wp\/v2\/pages\/3","targetHints":{"allow":["GET"]}}],"collection":[{"href":"https:\/\/ryarc.com\/es\/wp-json\/wp\/v2\/pages"}],"about":[{"href":"https:\/\/ryarc.com\/es\/wp-json\/wp\/v2\/types\/page"}],"author":[{"embeddable":true,"href":"https:\/\/ryarc.com\/es\/wp-json\/wp\/v2\/users\/5"}],"replies":[{"embeddable":true,"href":"https:\/\/ryarc.com\/es\/wp-json\/wp\/v2\/comments?post=3"}],"version-history":[{"count":3,"href":"https:\/\/ryarc.com\/es\/wp-json\/wp\/v2\/pages\/3\/revisions"}],"predecessor-version":[{"id":3637,"href":"https:\/\/ryarc.com\/es\/wp-json\/wp\/v2\/pages\/3\/revisions\/3637"}],"wp:attachment":[{"href":"https:\/\/ryarc.com\/es\/wp-json\/wp\/v2\/media?parent=3"}],"curies":[{"name":"wp","href":"https:\/\/api.w.org\/{rel}","templated":true}]}}